{"id":2019,"date":"2025-06-04T19:36:50","date_gmt":"2025-06-04T18:36:50","guid":{"rendered":"https:\/\/premio.diariodarepublica.pt\/?page_id=2019"},"modified":"2025-06-04T19:50:09","modified_gmt":"2025-06-04T18:50:09","slug":"anuncio-dos-vencedores","status":"publish","type":"page","link":"https:\/\/premio.diariodarepublica.pt\/index.php\/anuncio-dos-vencedores\/","title":{"rendered":"An\u00fancio dos vencedores &#8211; Artigo"},"content":{"rendered":"\t\t<div data-elementor-type=\"wp-page\" data-elementor-id=\"2019\" class=\"elementor elementor-2019\">\n\t\t\t\t\t\t<section class=\"elementor-section elementor-top-section elementor-element elementor-element-6b043c9 elementor-section-full_width elementor-section-stretched elementor-section-height-default elementor-section-height-default\" data-id=\"6b043c9\" data-element_type=\"section\" data-settings=\"{&quot;stretch_section&quot;:&quot;section-stretched&quot;,&quot;background_background&quot;:&quot;slideshow&quot;,&quot;background_slideshow_gallery&quot;:[{&quot;id&quot;:1778,&quot;url&quot;:&quot;https:\\\/\\\/premio.diariodarepublica.pt\\\/wp-content\\\/uploads\\\/2025\\\/04\\\/Imagem-1-website.png&quot;}],&quot;background_slideshow_slide_duration&quot;:5000,&quot;background_slideshow_slide_transition&quot;:&quot;fade&quot;,&quot;background_slideshow_transition_duration&quot;:500}\">\n\t\t\t\t\t\t<div class=\"elementor-container elementor-column-gap-default\">\n\t\t\t\t\t<div class=\"elementor-column elementor-col-100 elementor-top-column elementor-element elementor-element-13a65c4\" data-id=\"13a65c4\" data-element_type=\"column\">\n\t\t\t<div class=\"elementor-widget-wrap elementor-element-populated\">\n\t\t\t\t\t\t<div class=\"elementor-element elementor-element-0439e3b elementor-widget elementor-widget-spacer\" data-id=\"0439e3b\" data-element_type=\"widget\" data-widget_type=\"spacer.default\">\n\t\t\t\t<div class=\"elementor-widget-container\">\n\t\t\t\t\t\t\t<div class=\"elementor-spacer\">\n\t\t\t<div class=\"elementor-spacer-inner\"><\/div>\n\t\t<\/div>\n\t\t\t\t\t\t<\/div>\n\t\t\t\t<\/div>\n\t\t\t\t\t<\/div>\n\t\t<\/div>\n\t\t\t\t\t<\/div>\n\t\t<\/section>\n\t\t\t\t<section class=\"elementor-section elementor-top-section elementor-element elementor-element-b4f34b5 elementor-section-boxed elementor-section-height-default elementor-section-height-default\" data-id=\"b4f34b5\" data-element_type=\"section\">\n\t\t\t\t\t\t<div class=\"elementor-container elementor-column-gap-default\">\n\t\t\t\t\t<div class=\"elementor-column elementor-col-100 elementor-top-column elementor-element elementor-element-93f5b47\" data-id=\"93f5b47\" data-element_type=\"column\">\n\t\t\t<div class=\"elementor-widget-wrap elementor-element-populated\">\n\t\t\t\t\t\t<div class=\"elementor-element elementor-element-6c5c2c5 elementor-widget elementor-widget-spacer\" data-id=\"6c5c2c5\" data-element_type=\"widget\" data-widget_type=\"spacer.default\">\n\t\t\t\t<div class=\"elementor-widget-container\">\n\t\t\t\t\t\t\t<div class=\"elementor-spacer\">\n\t\t\t<div class=\"elementor-spacer-inner\"><\/div>\n\t\t<\/div>\n\t\t\t\t\t\t<\/div>\n\t\t\t\t<\/div>\n\t\t\t\t<div class=\"elementor-element elementor-element-3d7f31f elementor-widget elementor-widget-spacer\" data-id=\"3d7f31f\" data-element_type=\"widget\" data-widget_type=\"spacer.default\">\n\t\t\t\t<div class=\"elementor-widget-container\">\n\t\t\t\t\t\t\t<div class=\"elementor-spacer\">\n\t\t\t<div class=\"elementor-spacer-inner\"><\/div>\n\t\t<\/div>\n\t\t\t\t\t\t<\/div>\n\t\t\t\t<\/div>\n\t\t\t\t<div class=\"elementor-element elementor-element-306ec3e elementor-widget elementor-widget-heading\" data-id=\"306ec3e\" data-element_type=\"widget\" data-widget_type=\"heading.default\">\n\t\t\t\t<div class=\"elementor-widget-container\">\n\t\t\t\t\t<h2 class=\"elementor-heading-title elementor-size-default\">An\u00fancio dos vencedores da 3.\u00aa edi\u00e7\u00e3o do Pr\u00e9mio Di\u00e1rio da Rep\u00fablica: \u00abVamos fotografar a lei\u00bb<\/h2>\t\t\t\t<\/div>\n\t\t\t\t<\/div>\n\t\t\t\t<div class=\"elementor-element elementor-element-2bd45fe elementor-widget elementor-widget-text-editor\" data-id=\"2bd45fe\" data-element_type=\"widget\" data-widget_type=\"text-editor.default\">\n\t\t\t\t<div class=\"elementor-widget-container\">\n\t\t\t\t\t\t\t\t\t<p>J\u00e1 s\u00e3o conhecidos os vencedores da 3.\u00aa edi\u00e7\u00e3o do Pr\u00e9mio Di\u00e1rio da Rep\u00fablica, uma iniciativa da Imprensa Nacional-Casa da Moeda, que convidou os cidad\u00e3os a refletirem, atrav\u00e9s da fotografia, sobre o papel da lei no seu quotidiano.<\/p><p>Sob o lema \u00abVamos fotografar a lei\u00bb, esta edi\u00e7\u00e3o desafiou participantes de todo o pa\u00eds, jovens e adultos, a captar imagens que tornassem vis\u00edvel (ou sugerissem) a presen\u00e7a da lei nas mais variadas esferas da vida: no tr\u00e2nsito, a comprar um caf\u00e9, na sala de aula.<\/p><p>O concurso contou com o Alto Patroc\u00ednio de Sua Excel\u00eancia o Presidente da Rep\u00fablica, e com o apoio do Instituto Portugu\u00eas de Fotografia e da RTP, como media partner, e teve como j\u00fari final um painel multidisciplinar de especialistas das \u00e1reas do Direito, da fotografia e da comunica\u00e7\u00e3o: Pedro Verde Pinho, Lu\u00edsa Teixeira da Mota e Jo\u00e3o Porf\u00edrio.<\/p><p>Com dezenas de candidaturas submetidas, os trabalhos destacaram-se pela criatividade, sentido cr\u00edtico e originalidade. Apresentamos os vencedores das duas categorias a concurso:<\/p>\t\t\t\t\t\t\t\t<\/div>\n\t\t\t\t<\/div>\n\t\t\t\t<div class=\"elementor-element elementor-element-e9c3fbe elementor-widget elementor-widget-spacer\" data-id=\"e9c3fbe\" data-element_type=\"widget\" data-widget_type=\"spacer.default\">\n\t\t\t\t<div class=\"elementor-widget-container\">\n\t\t\t\t\t\t\t<div class=\"elementor-spacer\">\n\t\t\t<div class=\"elementor-spacer-inner\"><\/div>\n\t\t<\/div>\n\t\t\t\t\t\t<\/div>\n\t\t\t\t<\/div>\n\t\t\t\t<div class=\"elementor-element elementor-element-004da76 elementor-widget elementor-widget-text-editor\" data-id=\"004da76\" data-element_type=\"widget\" data-widget_type=\"text-editor.default\">\n\t\t\t\t<div class=\"elementor-widget-container\">\n\t\t\t\t\t\t\t\t\t<h3><strong>Categoria menos de 18 anos<\/strong><\/h3><p><b>1.\u00ba lugar &#8211; Rodrigo Vieira \u2013 A base da justi\u00e7a<br \/><\/b>Pr\u00e9mio: Cheque-Forma\u00e7\u00e3o no valor de 450 euros<\/p><p><strong>2.\u00ba lugar &#8211; Alexandra Martins \u2013 Lugar da mulher \u00e9 onde ela quiser<br \/><\/strong>Pr\u00e9mio: Cheque-Forma\u00e7\u00e3o no valor de 250 euros<\/p><p><strong>3.\u00ba lugar &#8211; Matilde Ruivo \u2013 Caminhos entre n\u00f3s<br \/><\/strong>Pr\u00e9mio: Cheque-Forma\u00e7\u00e3o no valor de 150 euros<\/p>\t\t\t\t\t\t\t\t<\/div>\n\t\t\t\t<\/div>\n\t\t\t\t<div class=\"elementor-element elementor-element-0c89945 elementor-widget elementor-widget-spacer\" data-id=\"0c89945\" data-element_type=\"widget\" data-widget_type=\"spacer.default\">\n\t\t\t\t<div class=\"elementor-widget-container\">\n\t\t\t\t\t\t\t<div class=\"elementor-spacer\">\n\t\t\t<div class=\"elementor-spacer-inner\"><\/div>\n\t\t<\/div>\n\t\t\t\t\t\t<\/div>\n\t\t\t\t<\/div>\n\t\t\t\t<div class=\"elementor-element elementor-element-c605af1 elementor-arrows-position-inside elementor-pagination-position-outside elementor-widget elementor-widget-image-carousel\" data-id=\"c605af1\" data-element_type=\"widget\" data-settings=\"{&quot;slides_to_show&quot;:&quot;1&quot;,&quot;navigation&quot;:&quot;both&quot;,&quot;autoplay&quot;:&quot;yes&quot;,&quot;pause_on_hover&quot;:&quot;yes&quot;,&quot;pause_on_interaction&quot;:&quot;yes&quot;,&quot;autoplay_speed&quot;:5000,&quot;infinite&quot;:&quot;yes&quot;,&quot;effect&quot;:&quot;slide&quot;,&quot;speed&quot;:500}\" data-widget_type=\"image-carousel.default\">\n\t\t\t\t<div class=\"elementor-widget-container\">\n\t\t\t\t\t\t\t<div class=\"elementor-image-carousel-wrapper swiper\" role=\"region\" aria-roledescription=\"carousel\" aria-label=\"Carrossel de imagens\" dir=\"ltr\">\n\t\t\t<div class=\"elementor-image-carousel swiper-wrapper\" aria-live=\"off\">\n\t\t\t\t\t\t\t\t<div class=\"swiper-slide\" role=\"group\" aria-roledescription=\"slide\" aria-label=\"1 of 3\"><figure class=\"swiper-slide-inner\"><img decoding=\"async\" class=\"swiper-slide-image\" src=\"https:\/\/premio.diariodarepublica.pt\/wp-content\/uploads\/elementor\/thumbs\/PremioVencedores3-r6tovx6afjj3abv2cim6ak3eqboo6sac5g6rlqzn1s.png\" alt=\"PremioVencedores3\" \/><\/figure><\/div><div class=\"swiper-slide\" role=\"group\" aria-roledescription=\"slide\" aria-label=\"2 of 3\"><figure class=\"swiper-slide-inner\"><img decoding=\"async\" class=\"swiper-slide-image\" src=\"https:\/\/premio.diariodarepublica.pt\/wp-content\/uploads\/elementor\/thumbs\/PremioVencedores4-r6tovz1yt7lnxjsc1jfffjmbx3fem6hstphqkawupc.png\" alt=\"PremioVencedores4\" \/><\/figure><\/div><div class=\"swiper-slide\" role=\"group\" aria-roledescription=\"slide\" aria-label=\"3 of 3\"><figure class=\"swiper-slide-inner\"><img decoding=\"async\" class=\"swiper-slide-image\" src=\"https:\/\/premio.diariodarepublica.pt\/wp-content\/uploads\/elementor\/thumbs\/PremioVencedores5-r6tow1vhdppiwdo8l2nb50wpp91i99szu3g704so6o.png\" alt=\"PremioVencedores5\" \/><\/figure><\/div>\t\t\t<\/div>\n\t\t\t\t\t\t\t\t\t\t\t\t<div class=\"elementor-swiper-button elementor-swiper-button-prev\" role=\"button\" tabindex=\"0\">\n\t\t\t\t\t\t<i aria-hidden=\"true\" class=\"eicon-chevron-left\"><\/i>\t\t\t\t\t<\/div>\n\t\t\t\t\t<div class=\"elementor-swiper-button elementor-swiper-button-next\" role=\"button\" tabindex=\"0\">\n\t\t\t\t\t\t<i aria-hidden=\"true\" class=\"eicon-chevron-right\"><\/i>\t\t\t\t\t<\/div>\n\t\t\t\t\n\t\t\t\t\t\t\t\t\t<div class=\"swiper-pagination\"><\/div>\n\t\t\t\t\t\t\t\t\t<\/div>\n\t\t\t\t\t\t<\/div>\n\t\t\t\t<\/div>\n\t\t\t\t<div class=\"elementor-element elementor-element-5ca839a elementor-widget elementor-widget-spacer\" data-id=\"5ca839a\" data-element_type=\"widget\" data-widget_type=\"spacer.default\">\n\t\t\t\t<div class=\"elementor-widget-container\">\n\t\t\t\t\t\t\t<div class=\"elementor-spacer\">\n\t\t\t<div class=\"elementor-spacer-inner\"><\/div>\n\t\t<\/div>\n\t\t\t\t\t\t<\/div>\n\t\t\t\t<\/div>\n\t\t\t\t<div class=\"elementor-element elementor-element-0527611 elementor-widget elementor-widget-text-editor\" data-id=\"0527611\" data-element_type=\"widget\" data-widget_type=\"text-editor.default\">\n\t\t\t\t<div class=\"elementor-widget-container\">\n\t\t\t\t\t\t\t\t\t<h3><strong>Categoria 18 anos ou mais<\/strong><\/h3><p><strong>1.\u00ba lugar &#8211; Guilherme Alves \u2013 Direito a Florescer<br \/><\/strong>Pr\u00e9mio de 500 euros<\/p><p><strong>2.\u00ba lugar &#8211; Jo\u00e3o Fernandes \u2013 Autoridade e Liberdade<br \/><\/strong>Pr\u00e9mio de 300 euros<\/p><p><strong>3.\u00ba lugar &#8211; Jos\u00e9 Amaral \u2013 O Bom Senso<br \/><\/strong>Pr\u00e9mio de 100 euros<\/p>\t\t\t\t\t\t\t\t<\/div>\n\t\t\t\t<\/div>\n\t\t\t\t<div class=\"elementor-element elementor-element-a9e1139 elementor-widget elementor-widget-spacer\" data-id=\"a9e1139\" data-element_type=\"widget\" data-widget_type=\"spacer.default\">\n\t\t\t\t<div class=\"elementor-widget-container\">\n\t\t\t\t\t\t\t<div class=\"elementor-spacer\">\n\t\t\t<div class=\"elementor-spacer-inner\"><\/div>\n\t\t<\/div>\n\t\t\t\t\t\t<\/div>\n\t\t\t\t<\/div>\n\t\t\t\t<div class=\"elementor-element elementor-element-6b12e8f elementor-arrows-position-inside elementor-pagination-position-outside elementor-widget elementor-widget-image-carousel\" data-id=\"6b12e8f\" data-element_type=\"widget\" data-settings=\"{&quot;slides_to_show&quot;:&quot;1&quot;,&quot;navigation&quot;:&quot;both&quot;,&quot;autoplay&quot;:&quot;yes&quot;,&quot;pause_on_hover&quot;:&quot;yes&quot;,&quot;pause_on_interaction&quot;:&quot;yes&quot;,&quot;autoplay_speed&quot;:5000,&quot;infinite&quot;:&quot;yes&quot;,&quot;effect&quot;:&quot;slide&quot;,&quot;speed&quot;:500}\" data-widget_type=\"image-carousel.default\">\n\t\t\t\t<div class=\"elementor-widget-container\">\n\t\t\t\t\t\t\t<div class=\"elementor-image-carousel-wrapper swiper\" role=\"region\" aria-roledescription=\"carousel\" aria-label=\"Carrossel de imagens\" dir=\"ltr\">\n\t\t\t<div class=\"elementor-image-carousel swiper-wrapper\" aria-live=\"off\">\n\t\t\t\t\t\t\t\t<div class=\"swiper-slide\" role=\"group\" aria-roledescription=\"slide\" aria-label=\"1 of 3\"><figure class=\"swiper-slide-inner\"><img decoding=\"async\" class=\"swiper-slide-image\" src=\"https:\/\/premio.diariodarepublica.pt\/wp-content\/uploads\/elementor\/thumbs\/PremioVencedores7-r6tph5d2rul7hb11e6xv3p95ol230pk42ikirpikj4.png\" alt=\"PremioVencedores7\" \/><\/figure><\/div><div class=\"swiper-slide\" role=\"group\" aria-roledescription=\"slide\" aria-label=\"2 of 3\"><figure class=\"swiper-slide-inner\"><img decoding=\"async\" class=\"swiper-slide-image\" src=\"https:\/\/premio.diariodarepublica.pt\/wp-content\/uploads\/elementor\/thumbs\/PremioVencedores8-r6tph86lccp2g4wxxq5qt6jjgqo6nsvb2wiz7jee0g.png\" alt=\"PremioVencedores8\" \/><\/figure><\/div><div class=\"swiper-slide\" role=\"group\" aria-roledescription=\"slide\" aria-label=\"3 of 3\"><figure class=\"swiper-slide-inner\"><img decoding=\"async\" class=\"swiper-slide-image\" src=\"https:\/\/premio.diariodarepublica.pt\/wp-content\/uploads\/elementor\/thumbs\/PremioVencedores9-r6tphb03wusxeysuh9dmintx8waaaw6i3ahfnda7hs.png\" alt=\"PremioVencedores9\" \/><\/figure><\/div>\t\t\t<\/div>\n\t\t\t\t\t\t\t\t\t\t\t\t<div class=\"elementor-swiper-button elementor-swiper-button-prev\" role=\"button\" tabindex=\"0\">\n\t\t\t\t\t\t<i aria-hidden=\"true\" class=\"eicon-chevron-left\"><\/i>\t\t\t\t\t<\/div>\n\t\t\t\t\t<div class=\"elementor-swiper-button elementor-swiper-button-next\" role=\"button\" tabindex=\"0\">\n\t\t\t\t\t\t<i aria-hidden=\"true\" class=\"eicon-chevron-right\"><\/i>\t\t\t\t\t<\/div>\n\t\t\t\t\n\t\t\t\t\t\t\t\t\t<div class=\"swiper-pagination\"><\/div>\n\t\t\t\t\t\t\t\t\t<\/div>\n\t\t\t\t\t\t<\/div>\n\t\t\t\t<\/div>\n\t\t\t\t<div class=\"elementor-element elementor-element-38e21a2 elementor-widget elementor-widget-spacer\" data-id=\"38e21a2\" data-element_type=\"widget\" data-widget_type=\"spacer.default\">\n\t\t\t\t<div class=\"elementor-widget-container\">\n\t\t\t\t\t\t\t<div class=\"elementor-spacer\">\n\t\t\t<div class=\"elementor-spacer-inner\"><\/div>\n\t\t<\/div>\n\t\t\t\t\t\t<\/div>\n\t\t\t\t<\/div>\n\t\t\t\t\t<\/div>\n\t\t<\/div>\n\t\t\t\t\t<\/div>\n\t\t<\/section>\n\t\t\t\t<section class=\"elementor-section elementor-top-section elementor-element elementor-element-084e001 elementor-section-boxed elementor-section-height-default elementor-section-height-default\" data-id=\"084e001\" data-element_type=\"section\">\n\t\t\t\t\t\t<div class=\"elementor-container elementor-column-gap-default\">\n\t\t\t\t\t<div class=\"elementor-column elementor-col-100 elementor-top-column elementor-element elementor-element-aa16ccc\" data-id=\"aa16ccc\" data-element_type=\"column\">\n\t\t\t<div class=\"elementor-widget-wrap elementor-element-populated\">\n\t\t\t\t\t\t<div class=\"elementor-element elementor-element-18196f7 elementor-widget elementor-widget-spacer\" data-id=\"18196f7\" data-element_type=\"widget\" data-widget_type=\"spacer.default\">\n\t\t\t\t<div class=\"elementor-widget-container\">\n\t\t\t\t\t\t\t<div class=\"elementor-spacer\">\n\t\t\t<div class=\"elementor-spacer-inner\"><\/div>\n\t\t<\/div>\n\t\t\t\t\t\t<\/div>\n\t\t\t\t<\/div>\n\t\t\t\t<div class=\"elementor-element elementor-element-bfecf21 elementor-widget elementor-widget-heading\" data-id=\"bfecf21\" data-element_type=\"widget\" data-widget_type=\"heading.default\">\n\t\t\t\t<div class=\"elementor-widget-container\">\n\t\t\t\t\t<h5 class=\"elementor-heading-title elementor-size-default\">Uma iniciativa da Imprensa Nacional-Casa da Moeda<\/h5>\t\t\t\t<\/div>\n\t\t\t\t<\/div>\n\t\t\t\t<div class=\"elementor-element elementor-element-94c7846 elementor-widget elementor-widget-image\" data-id=\"94c7846\" data-element_type=\"widget\" data-widget_type=\"image.default\">\n\t\t\t\t<div class=\"elementor-widget-container\">\n\t\t\t\t\t\t\t\t\t\t\t\t\t\t\t<img fetchpriority=\"high\" decoding=\"async\" width=\"1024\" height=\"107\" src=\"https:\/\/premio.diariodarepublica.pt\/wp-content\/uploads\/2023\/09\/Logos_Iniciativa_DR-1024x107.png\" class=\"attachment-large size-large wp-image-1066\" alt=\"\" srcset=\"https:\/\/premio.diariodarepublica.pt\/wp-content\/uploads\/2023\/09\/Logos_Iniciativa_DR-1024x107.png 1024w, https:\/\/premio.diariodarepublica.pt\/wp-content\/uploads\/2023\/09\/Logos_Iniciativa_DR-300x31.png 300w, https:\/\/premio.diariodarepublica.pt\/wp-content\/uploads\/2023\/09\/Logos_Iniciativa_DR-768x80.png 768w, https:\/\/premio.diariodarepublica.pt\/wp-content\/uploads\/2023\/09\/Logos_Iniciativa_DR-1536x160.png 1536w, https:\/\/premio.diariodarepublica.pt\/wp-content\/uploads\/2023\/09\/Logos_Iniciativa_DR.png 1544w\" sizes=\"(max-width: 1024px) 100vw, 1024px\" \/>\t\t\t\t\t\t\t\t\t\t\t\t\t\t\t<\/div>\n\t\t\t\t<\/div>\n\t\t\t\t\t<\/div>\n\t\t<\/div>\n\t\t\t\t\t<\/div>\n\t\t<\/section>\n\t\t\t\t<section class=\"elementor-section elementor-top-section elementor-element elementor-element-a5dd5f4 elementor-section-boxed elementor-section-height-default elementor-section-height-default\" data-id=\"a5dd5f4\" data-element_type=\"section\">\n\t\t\t\t\t\t<div class=\"elementor-container elementor-column-gap-default\">\n\t\t\t\t\t<div class=\"elementor-column elementor-col-100 elementor-top-column elementor-element elementor-element-3e9ab78\" data-id=\"3e9ab78\" data-element_type=\"column\">\n\t\t\t<div class=\"elementor-widget-wrap elementor-element-populated\">\n\t\t\t\t\t\t<div class=\"elementor-element elementor-element-6c1ca7e elementor-widget elementor-widget-heading\" data-id=\"6c1ca7e\" data-element_type=\"widget\" data-widget_type=\"heading.default\">\n\t\t\t\t<div class=\"elementor-widget-container\">\n\t\t\t\t\t<h6 class=\"elementor-heading-title elementor-size-default\">Alto patroc\u00ednio<\/h6>\t\t\t\t<\/div>\n\t\t\t\t<\/div>\n\t\t\t\t<div class=\"elementor-element elementor-element-022d96a elementor-widget elementor-widget-heading\" data-id=\"022d96a\" data-element_type=\"widget\" data-widget_type=\"heading.default\">\n\t\t\t\t<div class=\"elementor-widget-container\">\n\t\t\t\t\t<h6 class=\"elementor-heading-title elementor-size-default\">Apoio<\/h6>\t\t\t\t<\/div>\n\t\t\t\t<\/div>\n\t\t\t\t<div class=\"elementor-element elementor-element-5b16cc6 elementor-widget elementor-widget-heading\" data-id=\"5b16cc6\" data-element_type=\"widget\" data-widget_type=\"heading.default\">\n\t\t\t\t<div class=\"elementor-widget-container\">\n\t\t\t\t\t<h6 class=\"elementor-heading-title elementor-size-default\">Parceiro de media<\/h6>\t\t\t\t<\/div>\n\t\t\t\t<\/div>\n\t\t\t\t<div class=\"elementor-element elementor-element-62941a7 elementor-widget elementor-widget-image\" data-id=\"62941a7\" data-element_type=\"widget\" data-widget_type=\"image.default\">\n\t\t\t\t<div class=\"elementor-widget-container\">\n\t\t\t\t\t\t\t\t\t\t\t\t\t\t\t<img decoding=\"async\" src=\"https:\/\/premio.diariodarepublica.pt\/wp-content\/uploads\/elementor\/thumbs\/Logotipos_PReIPF-scaled-r5cw9lta71o3zu87it5cwkvd4y3v7wc3r7fslobqqy.png\" title=\"Logotipos_PReIPF\" alt=\"Logotipos_PReIPF\" loading=\"lazy\" \/>\t\t\t\t\t\t\t\t\t\t\t\t\t\t\t<\/div>\n\t\t\t\t<\/div>\n\t\t\t\t<div class=\"elementor-element elementor-element-63f59eb elementor-widget elementor-widget-spacer\" data-id=\"63f59eb\" data-element_type=\"widget\" data-widget_type=\"spacer.default\">\n\t\t\t\t<div class=\"elementor-widget-container\">\n\t\t\t\t\t\t\t<div class=\"elementor-spacer\">\n\t\t\t<div class=\"elementor-spacer-inner\"><\/div>\n\t\t<\/div>\n\t\t\t\t\t\t<\/div>\n\t\t\t\t<\/div>\n\t\t\t\t<div class=\"elementor-element elementor-element-8d8f151 elementor-widget elementor-widget-text-editor\" data-id=\"8d8f151\" data-element_type=\"widget\" data-widget_type=\"text-editor.default\">\n\t\t\t\t<div class=\"elementor-widget-container\">\n\t\t\t\t\t\t\t\t\t<p>Sigam-nos:<\/p>\t\t\t\t\t\t\t\t<\/div>\n\t\t\t\t<\/div>\n\t\t\t\t<div class=\"elementor-element elementor-element-028437d elementor-shape-circle e-grid-align-right elementor-grid-0 elementor-widget elementor-widget-social-icons\" data-id=\"028437d\" data-element_type=\"widget\" data-widget_type=\"social-icons.default\">\n\t\t\t\t<div class=\"elementor-widget-container\">\n\t\t\t\t\t\t\t<div class=\"elementor-social-icons-wrapper elementor-grid\" role=\"list\">\n\t\t\t\t\t\t\t<span class=\"elementor-grid-item\" role=\"listitem\">\n\t\t\t\t\t<a class=\"elementor-icon elementor-social-icon elementor-social-icon-youtube elementor-repeater-item-31bb03a\" href=\"https:\/\/www.youtube.com\/@DiarioRepublicaPT\" target=\"_blank\">\n\t\t\t\t\t\t<span class=\"elementor-screen-only\">Youtube<\/span>\n\t\t\t\t\t\t<i aria-hidden=\"true\" class=\"fab fa-youtube\"><\/i>\t\t\t\t\t<\/a>\n\t\t\t\t<\/span>\n\t\t\t\t\t\t\t<span class=\"elementor-grid-item\" role=\"listitem\">\n\t\t\t\t\t<a class=\"elementor-icon elementor-social-icon elementor-social-icon-instagram elementor-repeater-item-f17f3c1\" href=\"https:\/\/www.instagram.com\/diariorepublica\/\" target=\"_blank\">\n\t\t\t\t\t\t<span class=\"elementor-screen-only\">Instagram<\/span>\n\t\t\t\t\t\t<i aria-hidden=\"true\" class=\"fab fa-instagram\"><\/i>\t\t\t\t\t<\/a>\n\t\t\t\t<\/span>\n\t\t\t\t\t\t\t<span class=\"elementor-grid-item\" role=\"listitem\">\n\t\t\t\t\t<a class=\"elementor-icon elementor-social-icon elementor-social-icon-facebook elementor-repeater-item-4327278\" href=\"https:\/\/www.facebook.com\/DiarioRepublicaPT\" target=\"_blank\">\n\t\t\t\t\t\t<span class=\"elementor-screen-only\">Facebook<\/span>\n\t\t\t\t\t\t<i aria-hidden=\"true\" class=\"fab fa-facebook\"><\/i>\t\t\t\t\t<\/a>\n\t\t\t\t<\/span>\n\t\t\t\t\t\t\t<span class=\"elementor-grid-item\" role=\"listitem\">\n\t\t\t\t\t<a class=\"elementor-icon elementor-social-icon elementor-social-icon-twitter elementor-repeater-item-a13d68d\" href=\"https:\/\/twitter.com\/diariorepublica\" target=\"_blank\">\n\t\t\t\t\t\t<span class=\"elementor-screen-only\">Twitter<\/span>\n\t\t\t\t\t\t<i aria-hidden=\"true\" class=\"fab fa-twitter\"><\/i>\t\t\t\t\t<\/a>\n\t\t\t\t<\/span>\n\t\t\t\t\t\t\t<span class=\"elementor-grid-item\" role=\"listitem\">\n\t\t\t\t\t<a class=\"elementor-icon elementor-social-icon elementor-social-icon-linkedin elementor-repeater-item-2b07357\" href=\"https:\/\/www.linkedin.com\/showcase\/diariorepublica\/\" target=\"_blank\">\n\t\t\t\t\t\t<span class=\"elementor-screen-only\">Linkedin<\/span>\n\t\t\t\t\t\t<i aria-hidden=\"true\" class=\"fab fa-linkedin\"><\/i>\t\t\t\t\t<\/a>\n\t\t\t\t<\/span>\n\t\t\t\t\t<\/div>\n\t\t\t\t\t\t<\/div>\n\t\t\t\t<\/div>\n\t\t\t\t\t<\/div>\n\t\t<\/div>\n\t\t\t\t\t<\/div>\n\t\t<\/section>\n\t\t\t\t<\/div>\n\t\t","protected":false},"excerpt":{"rendered":"<p>An\u00fancio dos vencedores da 3.\u00aa edi\u00e7\u00e3o do Pr\u00e9mio Di\u00e1rio da Rep\u00fablica: \u00abVamos fotografar a lei\u00bb J\u00e1 s\u00e3o conhecidos os vencedores da 3.\u00aa edi\u00e7\u00e3o do Pr\u00e9mio Di\u00e1rio da Rep\u00fablica, uma iniciativa da Imprensa Nacional-Casa da Moeda, que convidou os cidad\u00e3os a refletirem, atrav\u00e9s da fotografia, sobre o papel da lei no seu quotidiano. Sob o lema&hellip;&nbsp;<a href=\"https:\/\/premio.diariodarepublica.pt\/index.php\/anuncio-dos-vencedores\/\" rel=\"bookmark\">Ler mais &raquo;<span class=\"screen-reader-text\">An\u00fancio dos vencedores &#8211; Artigo<\/span><\/a><\/p>\n","protected":false},"author":6,"featured_media":0,"parent":0,"menu_order":0,"comment_status":"closed","ping_status":"closed","template":"","meta":{"neve_meta_sidebar":"","neve_meta_container":"","neve_meta_enable_content_width":"on","neve_meta_content_width":80,"neve_meta_title_alignment":"left","neve_meta_author_avatar":"","neve_post_elements_order":"","neve_meta_disable_header":"","neve_meta_disable_footer":"","neve_meta_disable_title":"on","footnotes":""},"class_list":["post-2019","page","type-page","status-publish","hentry"],"publishpress_future_action":{"enabled":false,"date":"2026-05-07 14:25:02","action":"change-status","newStatus":"draft","terms":[],"taxonomy":"","extraData":[]},"publishpress_future_workflow_manual_trigger":{"enabledWorkflows":[]},"_links":{"self":[{"href":"https:\/\/premio.diariodarepublica.pt\/index.php\/wp-json\/wp\/v2\/pages\/2019","targetHints":{"allow":["GET"]}}],"collection":[{"href":"https:\/\/premio.diariodarepublica.pt\/index.php\/wp-json\/wp\/v2\/pages"}],"about":[{"href":"https:\/\/premio.diariodarepublica.pt\/index.php\/wp-json\/wp\/v2\/types\/page"}],"author":[{"embeddable":true,"href":"https:\/\/premio.diariodarepublica.pt\/index.php\/wp-json\/wp\/v2\/users\/6"}],"replies":[{"embeddable":true,"href":"https:\/\/premio.diariodarepublica.pt\/index.php\/wp-json\/wp\/v2\/comments?post=2019"}],"version-history":[{"count":5,"href":"https:\/\/premio.diariodarepublica.pt\/index.php\/wp-json\/wp\/v2\/pages\/2019\/revisions"}],"predecessor-version":[{"id":2035,"href":"https:\/\/premio.diariodarepublica.pt\/index.php\/wp-json\/wp\/v2\/pages\/2019\/revisions\/2035"}],"wp:attachment":[{"href":"https:\/\/premio.diariodarepublica.pt\/index.php\/wp-json\/wp\/v2\/media?parent=2019"}],"curies":[{"name":"wp","href":"https:\/\/api.w.org\/{rel}","templated":true}]}}