{"id":1595,"date":"2024-01-09T12:19:49","date_gmt":"2024-01-09T12:19:49","guid":{"rendered":"https:\/\/premio.diariodarepublica.pt\/?page_id=1595"},"modified":"2024-01-09T12:23:32","modified_gmt":"2024-01-09T12:23:32","slug":"votacoes","status":"publish","type":"page","link":"https:\/\/premio.diariodarepublica.pt\/index.php\/votacoes\/","title":{"rendered":"Vota\u00e7\u00f5es abertas"},"content":{"rendered":"\t\t<div data-elementor-type=\"wp-page\" data-elementor-id=\"1595\" class=\"elementor elementor-1595\">\n\t\t\t\t\t\t<section class=\"elementor-section elementor-top-section elementor-element elementor-element-6b043c9 elementor-section-full_width elementor-section-stretched elementor-section-height-default elementor-section-height-default\" data-id=\"6b043c9\" data-element_type=\"section\" data-settings=\"{&quot;stretch_section&quot;:&quot;section-stretched&quot;,&quot;background_background&quot;:&quot;slideshow&quot;,&quot;background_slideshow_gallery&quot;:[{&quot;id&quot;:1602,&quot;url&quot;:&quot;https:\\\/\\\/premio.diariodarepublica.pt\\\/wp-content\\\/uploads\\\/2024\\\/01\\\/Votacoes_capa-04-04.png&quot;}],&quot;background_slideshow_slide_duration&quot;:5000,&quot;background_slideshow_slide_transition&quot;:&quot;fade&quot;,&quot;background_slideshow_transition_duration&quot;:500}\">\n\t\t\t\t\t\t<div class=\"elementor-container elementor-column-gap-default\">\n\t\t\t\t\t<div class=\"elementor-column elementor-col-100 elementor-top-column elementor-element elementor-element-13a65c4\" data-id=\"13a65c4\" data-element_type=\"column\">\n\t\t\t<div class=\"elementor-widget-wrap elementor-element-populated\">\n\t\t\t\t\t\t<div class=\"elementor-element elementor-element-0439e3b elementor-widget elementor-widget-spacer\" data-id=\"0439e3b\" data-element_type=\"widget\" data-widget_type=\"spacer.default\">\n\t\t\t\t<div class=\"elementor-widget-container\">\n\t\t\t\t\t\t\t<div class=\"elementor-spacer\">\n\t\t\t<div class=\"elementor-spacer-inner\"><\/div>\n\t\t<\/div>\n\t\t\t\t\t\t<\/div>\n\t\t\t\t<\/div>\n\t\t\t\t\t<\/div>\n\t\t<\/div>\n\t\t\t\t\t<\/div>\n\t\t<\/section>\n\t\t\t\t<section class=\"elementor-section elementor-top-section elementor-element elementor-element-b4f34b5 elementor-section-boxed elementor-section-height-default elementor-section-height-default\" data-id=\"b4f34b5\" data-element_type=\"section\">\n\t\t\t\t\t\t<div class=\"elementor-container elementor-column-gap-default\">\n\t\t\t\t\t<div class=\"elementor-column elementor-col-100 elementor-top-column elementor-element elementor-element-93f5b47\" data-id=\"93f5b47\" data-element_type=\"column\">\n\t\t\t<div class=\"elementor-widget-wrap elementor-element-populated\">\n\t\t\t\t\t\t<div class=\"elementor-element elementor-element-6c5c2c5 elementor-widget elementor-widget-spacer\" data-id=\"6c5c2c5\" data-element_type=\"widget\" data-widget_type=\"spacer.default\">\n\t\t\t\t<div class=\"elementor-widget-container\">\n\t\t\t\t\t\t\t<div class=\"elementor-spacer\">\n\t\t\t<div class=\"elementor-spacer-inner\"><\/div>\n\t\t<\/div>\n\t\t\t\t\t\t<\/div>\n\t\t\t\t<\/div>\n\t\t\t\t<div class=\"elementor-element elementor-element-3d7f31f elementor-widget elementor-widget-spacer\" data-id=\"3d7f31f\" data-element_type=\"widget\" data-widget_type=\"spacer.default\">\n\t\t\t\t<div class=\"elementor-widget-container\">\n\t\t\t\t\t\t\t<div class=\"elementor-spacer\">\n\t\t\t<div class=\"elementor-spacer-inner\"><\/div>\n\t\t<\/div>\n\t\t\t\t\t\t<\/div>\n\t\t\t\t<\/div>\n\t\t\t\t<div class=\"elementor-element elementor-element-306ec3e elementor-widget elementor-widget-heading\" data-id=\"306ec3e\" data-element_type=\"widget\" data-widget_type=\"heading.default\">\n\t\t\t\t<div class=\"elementor-widget-container\">\n\t\t\t\t\t<h2 class=\"elementor-heading-title elementor-size-default\">Vota\u00e7\u00f5es abertas na 2.\u00aa Edi\u00e7\u00e3o do Pr\u00e9mio Di\u00e1rio \nda Rep\u00fablica <\/h2>\t\t\t\t<\/div>\n\t\t\t\t<\/div>\n\t\t\t\t<div class=\"elementor-element elementor-element-3bb85ac elementor-widget elementor-widget-spacer\" data-id=\"3bb85ac\" data-element_type=\"widget\" data-widget_type=\"spacer.default\">\n\t\t\t\t<div class=\"elementor-widget-container\">\n\t\t\t\t\t\t\t<div class=\"elementor-spacer\">\n\t\t\t<div class=\"elementor-spacer-inner\"><\/div>\n\t\t<\/div>\n\t\t\t\t\t\t<\/div>\n\t\t\t\t<\/div>\n\t\t\t\t<div class=\"elementor-element elementor-element-2bd45fe elementor-widget elementor-widget-text-editor\" data-id=\"2bd45fe\" data-element_type=\"widget\" data-widget_type=\"text-editor.default\">\n\t\t\t\t<div class=\"elementor-widget-container\">\n\t\t\t\t\t\t\t\t\t<p><span data-contrast=\"auto\">As vota\u00e7\u00f5es online para a 2.\u00aa Edi\u00e7\u00e3o do Pr\u00e9mio Di\u00e1rio da Rep\u00fablica est\u00e3o abertas.\u00a0<\/span><span data-ccp-props=\"{&quot;201341983&quot;:0,&quot;335551550&quot;:6,&quot;335551620&quot;:6,&quot;335559739&quot;:160,&quot;335559740&quot;:276}\">\u00a0<\/span><\/p><p><span data-contrast=\"auto\">At\u00e9 21 de janeiro, acede ao canal do Di\u00e1rio da Rep\u00fablica no <\/span><a href=\"https:\/\/www.youtube.com\/@DiarioRepublicaPT\"><span data-contrast=\"none\">YouTube<\/span><\/a><span data-contrast=\"auto\"> e ajuda a selecionar os 10 trabalhos que avan\u00e7ar\u00e3o para a pr\u00f3xima fase do concurso.<\/span><span data-ccp-props=\"{&quot;201341983&quot;:0,&quot;335551550&quot;:6,&quot;335551620&quot;:6,&quot;335559739&quot;:160,&quot;335559740&quot;:276}\">\u00a0<\/span><\/p><p><span data-contrast=\"auto\">O processo de vota\u00e7\u00e3o \u00e9 simples: faz login com tua conta Google e clica no bot\u00e3o de \u201cgostar\u201d (<\/span><span data-contrast=\"auto\">\ud83d\udc4d<\/span><span data-contrast=\"auto\">), junto ao t\u00edtulo do(s) v\u00eddeo(s):<\/span><span data-ccp-props=\"{&quot;201341983&quot;:0,&quot;335551550&quot;:6,&quot;335551620&quot;:6,&quot;335559739&quot;:160,&quot;335559740&quot;:276}\">\u00a0<\/span><\/p>\t\t\t\t\t\t\t\t<\/div>\n\t\t\t\t<\/div>\n\t\t\t\t<div class=\"elementor-element elementor-element-12ac973 elementor-widget elementor-widget-image\" data-id=\"12ac973\" data-element_type=\"widget\" data-widget_type=\"image.default\">\n\t\t\t\t<div class=\"elementor-widget-container\">\n\t\t\t\t\t\t\t\t\t\t\t\t\t\t\t<img fetchpriority=\"high\" decoding=\"async\" width=\"982\" height=\"98\" src=\"https:\/\/premio.diariodarepublica.pt\/wp-content\/uploads\/2024\/01\/Votar-Youtube.png\" class=\"attachment-large size-large wp-image-1597\" alt=\"\" srcset=\"https:\/\/premio.diariodarepublica.pt\/wp-content\/uploads\/2024\/01\/Votar-Youtube.png 982w, https:\/\/premio.diariodarepublica.pt\/wp-content\/uploads\/2024\/01\/Votar-Youtube-300x30.png 300w, https:\/\/premio.diariodarepublica.pt\/wp-content\/uploads\/2024\/01\/Votar-Youtube-768x77.png 768w\" sizes=\"(max-width: 982px) 100vw, 982px\" \/>\t\t\t\t\t\t\t\t\t\t\t\t\t\t\t<\/div>\n\t\t\t\t<\/div>\n\t\t\t\t<div class=\"elementor-element elementor-element-38e21a2 elementor-widget elementor-widget-spacer\" data-id=\"38e21a2\" data-element_type=\"widget\" data-widget_type=\"spacer.default\">\n\t\t\t\t<div class=\"elementor-widget-container\">\n\t\t\t\t\t\t\t<div class=\"elementor-spacer\">\n\t\t\t<div class=\"elementor-spacer-inner\"><\/div>\n\t\t<\/div>\n\t\t\t\t\t\t<\/div>\n\t\t\t\t<\/div>\n\t\t\t\t<div class=\"elementor-element elementor-element-500daad elementor-widget elementor-widget-text-editor\" data-id=\"500daad\" data-element_type=\"widget\" data-widget_type=\"text-editor.default\">\n\t\t\t\t<div class=\"elementor-widget-container\">\n\t\t\t\t\t\t\t\t\t<p><span data-contrast=\"auto\">A 2.\u00aa edi\u00e7\u00e3o do Pr\u00e9mio Di\u00e1rio da Rep\u00fablica, que conta com o Alto Patroc\u00ednio de sua Excel\u00eancia o Presidente da Rep\u00fablica e com o Alto Patroc\u00ednio de Sua Excel\u00eancia o Presidente da Assembleia da Rep\u00fablica, desafiou os jovens a conhecerem o jornal oficial da Rep\u00fablica Portuguesa, o seu papel e a sua import\u00e2ncia na divulga\u00e7\u00e3o das leis do nosso pa\u00eds, pensando sobre o seu futuro.<\/span><span data-ccp-props=\"{&quot;201341983&quot;:0,&quot;335551550&quot;:6,&quot;335551620&quot;:6,&quot;335559739&quot;:160,&quot;335559740&quot;:276}\">&nbsp;<\/span><\/p>\n<p><span data-contrast=\"auto\">Ap\u00f3s a fase de vota\u00e7\u00e3o p\u00fablica, o J\u00fari do concurso escolher\u00e1 os 3 finalistas de entre os 10 trabalhos mais votados.<\/span><span data-ccp-props=\"{&quot;201341983&quot;:0,&quot;335551550&quot;:6,&quot;335551620&quot;:6,&quot;335559739&quot;:160,&quot;335559740&quot;:276}\">&nbsp;<\/span><\/p>\t\t\t\t\t\t\t\t<\/div>\n\t\t\t\t<\/div>\n\t\t\t\t<div class=\"elementor-element elementor-element-1fc0f54 elementor-widget elementor-widget-button\" data-id=\"1fc0f54\" data-element_type=\"widget\" data-widget_type=\"button.default\">\n\t\t\t\t<div class=\"elementor-widget-container\">\n\t\t\t\t\t\t\t\t\t<div class=\"elementor-button-wrapper\">\n\t\t\t\t\t<a class=\"elementor-button elementor-button-link elementor-size-lg\" href=\"https:\/\/www.youtube.com\/watch?v=keoxKs17rjM&#038;list=PL0W7HPq15-_tNNObw5uXf59IOlI8lzEUS\">\n\t\t\t\t\t\t<span class=\"elementor-button-content-wrapper\">\n\t\t\t\t\t\t\t\t\t<span class=\"elementor-button-text\">Participa e vota no(s) teu(s) v\u00eddeo(s) favorito(s)<\/span>\n\t\t\t\t\t<\/span>\n\t\t\t\t\t<\/a>\n\t\t\t\t<\/div>\n\t\t\t\t\t\t\t\t<\/div>\n\t\t\t\t<\/div>\n\t\t\t\t<div class=\"elementor-element elementor-element-27ac48a elementor-widget elementor-widget-spacer\" data-id=\"27ac48a\" data-element_type=\"widget\" data-widget_type=\"spacer.default\">\n\t\t\t\t<div class=\"elementor-widget-container\">\n\t\t\t\t\t\t\t<div class=\"elementor-spacer\">\n\t\t\t<div class=\"elementor-spacer-inner\"><\/div>\n\t\t<\/div>\n\t\t\t\t\t\t<\/div>\n\t\t\t\t<\/div>\n\t\t\t\t\t<\/div>\n\t\t<\/div>\n\t\t\t\t\t<\/div>\n\t\t<\/section>\n\t\t\t\t<section class=\"elementor-section elementor-top-section elementor-element elementor-element-6696ff2 elementor-section-full_width elementor-section-stretched elementor-section-height-default elementor-section-height-default\" data-id=\"6696ff2\" data-element_type=\"section\" data-settings=\"{&quot;stretch_section&quot;:&quot;section-stretched&quot;,&quot;background_background&quot;:&quot;classic&quot;}\">\n\t\t\t\t\t\t<div class=\"elementor-container elementor-column-gap-default\">\n\t\t\t\t\t<div class=\"elementor-column elementor-col-100 elementor-top-column elementor-element elementor-element-43de454\" data-id=\"43de454\" data-element_type=\"column\">\n\t\t\t<div class=\"elementor-widget-wrap elementor-element-populated\">\n\t\t\t\t\t\t<div class=\"elementor-element elementor-element-1b40687 elementor-widget elementor-widget-spacer\" data-id=\"1b40687\" data-element_type=\"widget\" data-widget_type=\"spacer.default\">\n\t\t\t\t<div class=\"elementor-widget-container\">\n\t\t\t\t\t\t\t<div class=\"elementor-spacer\">\n\t\t\t<div class=\"elementor-spacer-inner\"><\/div>\n\t\t<\/div>\n\t\t\t\t\t\t<\/div>\n\t\t\t\t<\/div>\n\t\t\t\t\t<\/div>\n\t\t<\/div>\n\t\t\t\t\t<\/div>\n\t\t<\/section>\n\t\t\t\t<section class=\"elementor-section elementor-top-section elementor-element elementor-element-084e001 elementor-section-boxed elementor-section-height-default elementor-section-height-default\" data-id=\"084e001\" data-element_type=\"section\">\n\t\t\t\t\t\t<div class=\"elementor-container elementor-column-gap-default\">\n\t\t\t\t\t<div class=\"elementor-column elementor-col-100 elementor-top-column elementor-element elementor-element-aa16ccc\" data-id=\"aa16ccc\" data-element_type=\"column\">\n\t\t\t<div class=\"elementor-widget-wrap elementor-element-populated\">\n\t\t\t\t\t\t<div class=\"elementor-element elementor-element-18196f7 elementor-widget elementor-widget-spacer\" data-id=\"18196f7\" data-element_type=\"widget\" data-widget_type=\"spacer.default\">\n\t\t\t\t<div class=\"elementor-widget-container\">\n\t\t\t\t\t\t\t<div class=\"elementor-spacer\">\n\t\t\t<div class=\"elementor-spacer-inner\"><\/div>\n\t\t<\/div>\n\t\t\t\t\t\t<\/div>\n\t\t\t\t<\/div>\n\t\t\t\t<div class=\"elementor-element elementor-element-bfecf21 elementor-widget elementor-widget-heading\" data-id=\"bfecf21\" data-element_type=\"widget\" data-widget_type=\"heading.default\">\n\t\t\t\t<div class=\"elementor-widget-container\">\n\t\t\t\t\t<h5 class=\"elementor-heading-title elementor-size-default\">Uma iniciativa da Imprensa Nacional-Casa da Moeda<\/h5>\t\t\t\t<\/div>\n\t\t\t\t<\/div>\n\t\t\t\t<div class=\"elementor-element elementor-element-94c7846 elementor-widget elementor-widget-image\" data-id=\"94c7846\" data-element_type=\"widget\" data-widget_type=\"image.default\">\n\t\t\t\t<div class=\"elementor-widget-container\">\n\t\t\t\t\t\t\t\t\t\t\t\t\t\t\t<img decoding=\"async\" width=\"1024\" height=\"107\" src=\"https:\/\/premio.diariodarepublica.pt\/wp-content\/uploads\/2023\/09\/Logos_Iniciativa_DR-1024x107.png\" class=\"attachment-large size-large wp-image-1066\" alt=\"\" srcset=\"https:\/\/premio.diariodarepublica.pt\/wp-content\/uploads\/2023\/09\/Logos_Iniciativa_DR-1024x107.png 1024w, https:\/\/premio.diariodarepublica.pt\/wp-content\/uploads\/2023\/09\/Logos_Iniciativa_DR-300x31.png 300w, https:\/\/premio.diariodarepublica.pt\/wp-content\/uploads\/2023\/09\/Logos_Iniciativa_DR-768x80.png 768w, https:\/\/premio.diariodarepublica.pt\/wp-content\/uploads\/2023\/09\/Logos_Iniciativa_DR-1536x160.png 1536w, https:\/\/premio.diariodarepublica.pt\/wp-content\/uploads\/2023\/09\/Logos_Iniciativa_DR.png 1544w\" sizes=\"(max-width: 1024px) 100vw, 1024px\" \/>\t\t\t\t\t\t\t\t\t\t\t\t\t\t\t<\/div>\n\t\t\t\t<\/div>\n\t\t\t\t<div class=\"elementor-element elementor-element-1794227 elementor-widget elementor-widget-heading\" data-id=\"1794227\" data-element_type=\"widget\" data-widget_type=\"heading.default\">\n\t\t\t\t<div class=\"elementor-widget-container\">\n\t\t\t\t\t<h6 class=\"elementor-heading-title elementor-size-default\">Alto patroc\u00ednio<\/h6>\t\t\t\t<\/div>\n\t\t\t\t<\/div>\n\t\t\t\t<div class=\"elementor-element elementor-element-a8ea045 elementor-widget elementor-widget-heading\" data-id=\"a8ea045\" data-element_type=\"widget\" data-widget_type=\"heading.default\">\n\t\t\t\t<div class=\"elementor-widget-container\">\n\t\t\t\t\t<h6 class=\"elementor-heading-title elementor-size-default\">Apoio<\/h6>\t\t\t\t<\/div>\n\t\t\t\t<\/div>\n\t\t\t\t<div class=\"elementor-element elementor-element-6efe75a elementor-widget elementor-widget-heading\" data-id=\"6efe75a\" data-element_type=\"widget\" data-widget_type=\"heading.default\">\n\t\t\t\t<div class=\"elementor-widget-container\">\n\t\t\t\t\t<h6 class=\"elementor-heading-title elementor-size-default\">Parceiro de media<\/h6>\t\t\t\t<\/div>\n\t\t\t\t<\/div>\n\t\t\t\t<div class=\"elementor-element elementor-element-a85a8ad elementor-widget elementor-widget-image\" data-id=\"a85a8ad\" data-element_type=\"widget\" data-widget_type=\"image.default\">\n\t\t\t\t<div class=\"elementor-widget-container\">\n\t\t\t\t\t\t\t\t\t\t\t\t\t\t\t<img decoding=\"async\" width=\"1024\" height=\"119\" src=\"https:\/\/premio.diariodarepublica.pt\/wp-content\/uploads\/2023\/09\/Logos-02_website-1024x119.png\" class=\"attachment-large size-large wp-image-1370\" alt=\"\" srcset=\"https:\/\/premio.diariodarepublica.pt\/wp-content\/uploads\/2023\/09\/Logos-02_website-1024x119.png 1024w, https:\/\/premio.diariodarepublica.pt\/wp-content\/uploads\/2023\/09\/Logos-02_website-300x35.png 300w, https:\/\/premio.diariodarepublica.pt\/wp-content\/uploads\/2023\/09\/Logos-02_website-768x89.png 768w, https:\/\/premio.diariodarepublica.pt\/wp-content\/uploads\/2023\/09\/Logos-02_website.png 1527w\" sizes=\"(max-width: 1024px) 100vw, 1024px\" \/>\t\t\t\t\t\t\t\t\t\t\t\t\t\t\t<\/div>\n\t\t\t\t<\/div>\n\t\t\t\t\t<\/div>\n\t\t<\/div>\n\t\t\t\t\t<\/div>\n\t\t<\/section>\n\t\t\t\t<section class=\"elementor-section elementor-top-section elementor-element elementor-element-03dfdba elementor-section-boxed elementor-section-height-default elementor-section-height-default\" data-id=\"03dfdba\" data-element_type=\"section\">\n\t\t\t\t\t\t<div class=\"elementor-container elementor-column-gap-default\">\n\t\t\t\t\t<div class=\"elementor-column elementor-col-100 elementor-top-column elementor-element elementor-element-f153839\" data-id=\"f153839\" data-element_type=\"column\">\n\t\t\t<div class=\"elementor-widget-wrap elementor-element-populated\">\n\t\t\t\t\t\t<div class=\"elementor-element elementor-element-0c393ff elementor-widget elementor-widget-spacer\" data-id=\"0c393ff\" data-element_type=\"widget\" data-widget_type=\"spacer.default\">\n\t\t\t\t<div class=\"elementor-widget-container\">\n\t\t\t\t\t\t\t<div class=\"elementor-spacer\">\n\t\t\t<div class=\"elementor-spacer-inner\"><\/div>\n\t\t<\/div>\n\t\t\t\t\t\t<\/div>\n\t\t\t\t<\/div>\n\t\t\t\t<div class=\"elementor-element elementor-element-ab8fdaa elementor-widget elementor-widget-text-editor\" data-id=\"ab8fdaa\" data-element_type=\"widget\" data-widget_type=\"text-editor.default\">\n\t\t\t\t<div class=\"elementor-widget-container\">\n\t\t\t\t\t\t\t\t\t<p>Sigam-nos:<\/p>\t\t\t\t\t\t\t\t<\/div>\n\t\t\t\t<\/div>\n\t\t\t\t<div class=\"elementor-element elementor-element-1d25a37 elementor-shape-circle e-grid-align-right elementor-grid-0 elementor-widget elementor-widget-social-icons\" data-id=\"1d25a37\" data-element_type=\"widget\" data-widget_type=\"social-icons.default\">\n\t\t\t\t<div class=\"elementor-widget-container\">\n\t\t\t\t\t\t\t<div class=\"elementor-social-icons-wrapper elementor-grid\" role=\"list\">\n\t\t\t\t\t\t\t<span class=\"elementor-grid-item\" role=\"listitem\">\n\t\t\t\t\t<a class=\"elementor-icon elementor-social-icon elementor-social-icon-youtube elementor-repeater-item-31bb03a\" href=\"https:\/\/www.youtube.com\/@DiarioRepublicaPT\" target=\"_blank\">\n\t\t\t\t\t\t<span class=\"elementor-screen-only\">Youtube<\/span>\n\t\t\t\t\t\t<i aria-hidden=\"true\" class=\"fab fa-youtube\"><\/i>\t\t\t\t\t<\/a>\n\t\t\t\t<\/span>\n\t\t\t\t\t\t\t<span class=\"elementor-grid-item\" role=\"listitem\">\n\t\t\t\t\t<a class=\"elementor-icon elementor-social-icon elementor-social-icon-instagram elementor-repeater-item-f17f3c1\" href=\"https:\/\/www.instagram.com\/diariorepublica\/\" target=\"_blank\">\n\t\t\t\t\t\t<span class=\"elementor-screen-only\">Instagram<\/span>\n\t\t\t\t\t\t<i aria-hidden=\"true\" class=\"fab fa-instagram\"><\/i>\t\t\t\t\t<\/a>\n\t\t\t\t<\/span>\n\t\t\t\t\t\t\t<span class=\"elementor-grid-item\" role=\"listitem\">\n\t\t\t\t\t<a class=\"elementor-icon elementor-social-icon elementor-social-icon-facebook elementor-repeater-item-4327278\" href=\"https:\/\/www.facebook.com\/DiarioRepublicaPT\" target=\"_blank\">\n\t\t\t\t\t\t<span class=\"elementor-screen-only\">Facebook<\/span>\n\t\t\t\t\t\t<i aria-hidden=\"true\" class=\"fab fa-facebook\"><\/i>\t\t\t\t\t<\/a>\n\t\t\t\t<\/span>\n\t\t\t\t\t\t\t<span class=\"elementor-grid-item\" role=\"listitem\">\n\t\t\t\t\t<a class=\"elementor-icon elementor-social-icon elementor-social-icon-twitter elementor-repeater-item-a13d68d\" href=\"https:\/\/twitter.com\/diariorepublica\" target=\"_blank\">\n\t\t\t\t\t\t<span class=\"elementor-screen-only\">Twitter<\/span>\n\t\t\t\t\t\t<i aria-hidden=\"true\" class=\"fab fa-twitter\"><\/i>\t\t\t\t\t<\/a>\n\t\t\t\t<\/span>\n\t\t\t\t\t\t\t<span class=\"elementor-grid-item\" role=\"listitem\">\n\t\t\t\t\t<a class=\"elementor-icon elementor-social-icon elementor-social-icon-linkedin elementor-repeater-item-2b07357\" href=\"https:\/\/www.linkedin.com\/showcase\/diariorepublica\/\" target=\"_blank\">\n\t\t\t\t\t\t<span class=\"elementor-screen-only\">Linkedin<\/span>\n\t\t\t\t\t\t<i aria-hidden=\"true\" class=\"fab fa-linkedin\"><\/i>\t\t\t\t\t<\/a>\n\t\t\t\t<\/span>\n\t\t\t\t\t<\/div>\n\t\t\t\t\t\t<\/div>\n\t\t\t\t<\/div>\n\t\t\t\t\t<\/div>\n\t\t<\/div>\n\t\t\t\t\t<\/div>\n\t\t<\/section>\n\t\t\t\t<\/div>\n\t\t","protected":false},"excerpt":{"rendered":"<p>Vota\u00e7\u00f5es abertas na 2.\u00aa Edi\u00e7\u00e3o do Pr\u00e9mio Di\u00e1rio da Rep\u00fablica As vota\u00e7\u00f5es online para a 2.\u00aa Edi\u00e7\u00e3o do Pr\u00e9mio Di\u00e1rio da Rep\u00fablica est\u00e3o abertas.\u00a0\u00a0 At\u00e9 21 de janeiro, acede ao canal do Di\u00e1rio da Rep\u00fablica no YouTube e ajuda a selecionar os 10 trabalhos que avan\u00e7ar\u00e3o para a pr\u00f3xima fase do concurso.\u00a0 O processo de&hellip;&nbsp;<a href=\"https:\/\/premio.diariodarepublica.pt\/index.php\/votacoes\/\" rel=\"bookmark\">Ler mais &raquo;<span class=\"screen-reader-text\">Vota\u00e7\u00f5es abertas<\/span><\/a><\/p>\n","protected":false},"author":6,"featured_media":0,"parent":0,"menu_order":0,"comment_status":"closed","ping_status":"closed","template":"","meta":{"neve_meta_sidebar":"","neve_meta_container":"","neve_meta_enable_content_width":"on","neve_meta_content_width":80,"neve_meta_title_alignment":"left","neve_meta_author_avatar":"","neve_post_elements_order":"","neve_meta_disable_header":"","neve_meta_disable_footer":"","neve_meta_disable_title":"on","footnotes":""},"class_list":["post-1595","page","type-page","status-publish","hentry"],"publishpress_future_action":{"enabled":false,"date":"2026-05-11 16:10:40","action":"change-status","newStatus":"draft","terms":[],"taxonomy":"","extraData":[]},"publishpress_future_workflow_manual_trigger":{"enabledWorkflows":[]},"_links":{"self":[{"href":"https:\/\/premio.diariodarepublica.pt\/index.php\/wp-json\/wp\/v2\/pages\/1595","targetHints":{"allow":["GET"]}}],"collection":[{"href":"https:\/\/premio.diariodarepublica.pt\/index.php\/wp-json\/wp\/v2\/pages"}],"about":[{"href":"https:\/\/premio.diariodarepublica.pt\/index.php\/wp-json\/wp\/v2\/types\/page"}],"author":[{"embeddable":true,"href":"https:\/\/premio.diariodarepublica.pt\/index.php\/wp-json\/wp\/v2\/users\/6"}],"replies":[{"embeddable":true,"href":"https:\/\/premio.diariodarepublica.pt\/index.php\/wp-json\/wp\/v2\/comments?post=1595"}],"version-history":[{"count":7,"href":"https:\/\/premio.diariodarepublica.pt\/index.php\/wp-json\/wp\/v2\/pages\/1595\/revisions"}],"predecessor-version":[{"id":1614,"href":"https:\/\/premio.diariodarepublica.pt\/index.php\/wp-json\/wp\/v2\/pages\/1595\/revisions\/1614"}],"wp:attachment":[{"href":"https:\/\/premio.diariodarepublica.pt\/index.php\/wp-json\/wp\/v2\/media?parent=1595"}],"curies":[{"name":"wp","href":"https:\/\/api.w.org\/{rel}","templated":true}]}}